
{"id":106,"date":"2024-03-03T16:14:31","date_gmt":"2024-03-03T21:14:31","guid":{"rendered":"http:\/\/compliancecorporativo.com.co\/?page_id=2"},"modified":"2024-03-04T03:44:50","modified_gmt":"2024-03-04T08:44:50","slug":"inicio","status":"publish","type":"page","link":"https:\/\/compliancecorporativo.com.co\/","title":{"rendered":"Consulte con nosotros"},"content":{"rendered":"\n<p class=\"has-text-align-left\">Asesor\u00eda profesional en cumplimiento de programas normativos para todas las empresas del sector productivo colombiano SAGRILAFT, PTEE, C\u00f3digo de Conducta, cumplimiento en r\u00e9gimen de medidas m\u00ednimas, C\u00f3digo Craft, Tratamiento de Datos Personales, entre otros.<\/p>\n\n\n\n<h2 class=\"wp-block-heading\">Precio de la onza de oro en tiempo real<\/h2>\n\n\n\n<iframe loading=\"lazy\" src=\"https:\/\/goldbroker.com\/widget\/live\/XAU?currency=COP&#038;height=320\" scrolling=\"no\" frameborder=\"0\" width=\"100%\" height=\"320\" style=\"border: 0; overflow: hidden;\"><\/iframe><br \/>Precio del oro por <a href=\"https:\/\/goldbroker.com\/\" style=\"text-transform: uppercase\">GoldBroker.com<\/a>\n\n\n\n<h2 class=\"wp-block-heading\">Convertidor de moneda<\/h2>\n\n\n\n<div id=\"oanda_ecc\">\n<!-- Note: If you alter or remove the following code, the embedded currency widget will not work-->\n<span style=\"color:#000; text-decoration:none; font-size:9px; float:left;\">Convertidor de Moneda <a id=\"oanda_cc_link\" style=\"color:#000; font-size:9px;\" href=\"https:\/\/www.oanda.com\/currency\/converter\/\">por OANDA<\/a><\/span>\n<script src=\"https:\/\/www.oanda.com\/embedded\/converter\/get\/b2FuZGFlY2N1c2VyLy9kZWZhdWx0\/?lang=en\"><\/script><\/div>\n","protected":false},"excerpt":{"rendered":"<p>Asesor\u00eda profesional en cumplimiento de programas normativos para todas las empresas del sector productivo colombiano SAGRILAFT, PTEE, C\u00f3digo de Conducta, cumplimiento en r\u00e9gimen de medidas m\u00ednimas, C\u00f3digo Craft, Tratamiento de Datos Personales, entre otros. Precio de la onza de oro en tiempo real Precio del oro por GoldBroker.com Convertidor de moneda Convertidor de Moneda por [&hellip;]<\/p>\n","protected":false},"author":1,"featured_media":0,"parent":0,"menu_order":0,"comment_status":"closed","ping_status":"closed","template":"","meta":{"_monsterinsights_skip_tracking":false,"_monsterinsights_sitenote_active":false,"_monsterinsights_sitenote_note":"","_monsterinsights_sitenote_category":0,"footnotes":""},"aioseo_notices":[],"_links":{"self":[{"href":"https:\/\/compliancecorporativo.com.co\/index.php\/wp-json\/wp\/v2\/pages\/106"}],"collection":[{"href":"https:\/\/compliancecorporativo.com.co\/index.php\/wp-json\/wp\/v2\/pages"}],"about":[{"href":"https:\/\/compliancecorporativo.com.co\/index.php\/wp-json\/wp\/v2\/types\/page"}],"author":[{"embeddable":true,"href":"https:\/\/compliancecorporativo.com.co\/index.php\/wp-json\/wp\/v2\/users\/1"}],"replies":[{"embeddable":true,"href":"https:\/\/compliancecorporativo.com.co\/index.php\/wp-json\/wp\/v2\/comments?post=106"}],"version-history":[{"count":2,"href":"https:\/\/compliancecorporativo.com.co\/index.php\/wp-json\/wp\/v2\/pages\/106\/revisions"}],"predecessor-version":[{"id":143,"href":"https:\/\/compliancecorporativo.com.co\/index.php\/wp-json\/wp\/v2\/pages\/106\/revisions\/143"}],"wp:attachment":[{"href":"https:\/\/compliancecorporativo.com.co\/index.php\/wp-json\/wp\/v2\/media?parent=106"}],"curies":[{"name":"wp","href":"https:\/\/api.w.org\/{rel}","templated":true}]}}