
{"id":108,"date":"2024-03-03T18:47:46","date_gmt":"2024-03-03T23:47:46","guid":{"rendered":"https:\/\/compliancecorporativo.com.co\/?page_id=7"},"modified":"2024-03-03T18:47:46","modified_gmt":"2024-03-03T23:47:46","slug":"compliance-corporativo","status":"publish","type":"page","link":"https:\/\/compliancecorporativo.com.co\/index.php\/compliance-corporativo\/","title":{"rendered":"Compliance Corporativo"},"content":{"rendered":"\n<div class=\"wp-block-media-text is-stacked-on-mobile\"><figure class=\"wp-block-media-text__media\"><img loading=\"lazy\" decoding=\"async\" width=\"450\" height=\"300\" src=\"http:\/\/compliancecorporativo.com.co\/wp-content\/uploads\/2024\/03\/ey-close-up-gold-rocks-thumbnail-v1-20221117-1.jpg.rendition.450.300-1.jpg\" alt=\"\" class=\"wp-image-28 size-full\" srcset=\"https:\/\/compliancecorporativo.com.co\/wp-content\/uploads\/2024\/03\/ey-close-up-gold-rocks-thumbnail-v1-20221117-1.jpg.rendition.450.300-1.jpg 450w, https:\/\/compliancecorporativo.com.co\/wp-content\/uploads\/2024\/03\/ey-close-up-gold-rocks-thumbnail-v1-20221117-1.jpg.rendition.450.300-1-300x200.jpg 300w\" sizes=\"(max-width: 450px) 100vw, 450px\" \/><\/figure><div class=\"wp-block-media-text__content\">\n<p>El mejor aliado para el crecimiento sostenible y seguro de su empresa.<\/p>\n<\/div><\/div>\n\n\n\n<figure class=\"wp-block-pullquote\"><blockquote><p>&#8220;El cumplimiento corporativo en el sector minero no solo es una obligaci\u00f3n legal, sino tambi\u00e9n una responsabilidad \u00e9tica. Garantizar pr\u00e1cticas transparentes y responsables no solo protege los intereses de la empresa, sino tambi\u00e9n el bienestar de las comunidades y el medio ambiente en el que operamos.&#8221;<\/p><cite>Luis fernando Barrera, Abogado especialista sector minero colombiano<\/cite><\/blockquote><\/figure>\n\n\n\n<h2 class=\"wp-block-heading\">Nuestros clientes y aliados<\/h2>\n\n\n\n<figure class=\"wp-block-gallery has-nested-images columns-default is-cropped wp-block-gallery-1 is-layout-flex wp-block-gallery-is-layout-flex\">\n<figure class=\"wp-block-image size-large\"><img decoding=\"async\" data-id=\"87\" src=\"https:\/\/compliancecorporativo.com.co\/wp-content\/uploads\/2024\/03\/ACOC-1024x891.jpeg\" alt=\"\" class=\"wp-image-87\"\/><\/figure>\n\n\n\n<figure class=\"wp-block-image size-large\"><img decoding=\"async\" data-id=\"89\" src=\"https:\/\/compliancecorporativo.com.co\/wp-content\/uploads\/2024\/03\/CUADRO_LEGAL.jpg\" alt=\"\" class=\"wp-image-89\"\/><\/figure>\n\n\n<div class=\"wp-block-image\">\n<figure class=\"aligncenter size-large\"><img decoding=\"async\" data-id=\"86\" src=\"https:\/\/compliancecorporativo.com.co\/wp-content\/uploads\/2024\/03\/GRUPO_AZERO.jpg\" alt=\"\" class=\"wp-image-86\"\/><\/figure><\/div>\n\n\n<figure class=\"wp-block-image size-large\"><img decoding=\"async\" data-id=\"88\" src=\"https:\/\/compliancecorporativo.com.co\/wp-content\/uploads\/2024\/03\/WCA-1024x811.jpeg\" alt=\"\" class=\"wp-image-88\"\/><\/figure>\n\n\n\n<figure class=\"wp-block-image size-large\"><img decoding=\"async\" data-id=\"85\" src=\"https:\/\/compliancecorporativo.com.co\/wp-content\/uploads\/2024\/03\/APMC-1024x777.jpeg\" alt=\"\" class=\"wp-image-85\"\/><\/figure>\n\n\n<div class=\"wp-block-image is-style-default\">\n<figure class=\"aligncenter size-large\"><img decoding=\"async\" data-id=\"90\" src=\"https:\/\/compliancecorporativo.com.co\/wp-content\/uploads\/2024\/03\/ZERO_TROPIC.jpg\" alt=\"\" class=\"wp-image-90\"\/><\/figure><\/div><\/figure>\n","protected":false},"excerpt":{"rendered":"<p>El mejor aliado para el crecimiento sostenible y seguro de su empresa. &#8220;El cumplimiento corporativo en el sector minero no solo es una obligaci\u00f3n legal, sino tambi\u00e9n una responsabilidad \u00e9tica. Garantizar pr\u00e1cticas transparentes y responsables no solo protege los intereses de la empresa, sino tambi\u00e9n el bienestar de las comunidades y el medio ambiente en [&hellip;]<\/p>\n","protected":false},"author":1,"featured_media":0,"parent":0,"menu_order":0,"comment_status":"closed","ping_status":"closed","template":"","meta":{"_monsterinsights_skip_tracking":false,"_monsterinsights_sitenote_active":false,"_monsterinsights_sitenote_note":"","_monsterinsights_sitenote_category":0,"footnotes":""},"aioseo_notices":[],"_links":{"self":[{"href":"https:\/\/compliancecorporativo.com.co\/index.php\/wp-json\/wp\/v2\/pages\/108"}],"collection":[{"href":"https:\/\/compliancecorporativo.com.co\/index.php\/wp-json\/wp\/v2\/pages"}],"about":[{"href":"https:\/\/compliancecorporativo.com.co\/index.php\/wp-json\/wp\/v2\/types\/page"}],"author":[{"embeddable":true,"href":"https:\/\/compliancecorporativo.com.co\/index.php\/wp-json\/wp\/v2\/users\/1"}],"replies":[{"embeddable":true,"href":"https:\/\/compliancecorporativo.com.co\/index.php\/wp-json\/wp\/v2\/comments?post=108"}],"version-history":[{"count":0,"href":"https:\/\/compliancecorporativo.com.co\/index.php\/wp-json\/wp\/v2\/pages\/108\/revisions"}],"wp:attachment":[{"href":"https:\/\/compliancecorporativo.com.co\/index.php\/wp-json\/wp\/v2\/media?parent=108"}],"curies":[{"name":"wp","href":"https:\/\/api.w.org\/{rel}","templated":true}]}}