
{"id":21,"date":"2024-03-03T23:08:21","date_gmt":"2024-03-04T04:08:21","guid":{"rendered":"https:\/\/compliancecorporativo.com.co\/?page_id=21"},"modified":"2024-03-03T23:08:21","modified_gmt":"2024-03-04T04:08:21","slug":"vision","status":"publish","type":"page","link":"https:\/\/compliancecorporativo.com.co\/index.php\/vision\/","title":{"rendered":"Visi\u00f3n"},"content":{"rendered":"\n<p>Establecer y mantener un entorno empresarial donde se fomente la integridad, se cumplan las leyes y regulaciones aplicables, y se promueva una cultura \u00e9tica en todas las actividades y relaciones comerciales de la empresa. De igual manera promovemos un comportamiento \u00e9tico y legal en todas las \u00e1reas de la empresa, protegerla de riesgos legales y financieros, y contribuir a su reputaci\u00f3n y sostenibilidad a largo plazo.<\/p>\n\n\n\n<p><strong>Cumplimiento Legal:<\/strong> Garantizar que la empresa cumpla con todas las leyes y regulaciones pertinentes en todas las jurisdicciones donde opera, incluidas leyes laborales, ambientales, fiscales, de privacidad de datos, entre otras.<\/p>\n\n\n\n<p><strong>\u00c9tica Empresarial:<\/strong> Promover una cultura empresarial basada en la integridad, la honestidad y la responsabilidad en todas las interacciones internas y externas.<\/p>\n\n\n\n<p><strong>Prevenci\u00f3n de Riesgos: <\/strong>Identificar y mitigar los riesgos legales y \u00e9ticos asociados con las operaciones de la empresa, mediante la implementaci\u00f3n de controles y procedimientos adecuados.<\/p>\n\n\n\n<p><strong>Transparencia y Divulgaci\u00f3n:<\/strong> Promover la transparencia en todas las operaciones y procesos comerciales, garantizando la divulgaci\u00f3n adecuada de informaci\u00f3n relevante a todas las partes interesadas, incluidos los accionistas, empleados, clientes y socios comerciales.<\/p>\n\n\n\n<p><strong>Cultura de Cumplimiento:<\/strong> Fomentar una cultura de cumplimiento en toda la organizaci\u00f3n, donde todos los empleados entiendan la importancia del cumplimiento y est\u00e9n comprometidos a actuar de manera \u00e9tica y legal en todo momento.<\/p>\n\n\n\n<p><strong>Responsabilidad Corporativa:<\/strong> Asumir la responsabilidad por las acciones de la empresa y sus impactos en la sociedad, el medio ambiente y otras partes interesadas, y trabajar para minimizar cualquier efecto negativo.<\/p>\n\n\n\n<p><strong>Prevenci\u00f3n de Delitos Corporativos:<\/strong> Implementar medidas para prevenir y detectar posibles delitos corporativos, como el fraude, la corrupci\u00f3n, el lavado de dinero y el soborno, y tomar medidas correctivas adecuadas en caso de que ocurran.<\/p>\n","protected":false},"excerpt":{"rendered":"<p>Establecer y mantener un entorno empresarial donde se fomente la integridad, se cumplan las leyes y regulaciones aplicables, y se promueva una cultura \u00e9tica en todas las actividades y relaciones comerciales de la empresa. De igual manera promovemos un comportamiento \u00e9tico y legal en todas las \u00e1reas de la empresa, protegerla de riesgos legales y [&hellip;]<\/p>\n","protected":false},"author":1,"featured_media":0,"parent":0,"menu_order":0,"comment_status":"closed","ping_status":"closed","template":"","meta":{"_monsterinsights_skip_tracking":false,"_monsterinsights_sitenote_active":false,"_monsterinsights_sitenote_note":"","_monsterinsights_sitenote_category":0,"footnotes":""},"aioseo_notices":[],"_links":{"self":[{"href":"https:\/\/compliancecorporativo.com.co\/index.php\/wp-json\/wp\/v2\/pages\/21"}],"collection":[{"href":"https:\/\/compliancecorporativo.com.co\/index.php\/wp-json\/wp\/v2\/pages"}],"about":[{"href":"https:\/\/compliancecorporativo.com.co\/index.php\/wp-json\/wp\/v2\/types\/page"}],"author":[{"embeddable":true,"href":"https:\/\/compliancecorporativo.com.co\/index.php\/wp-json\/wp\/v2\/users\/1"}],"replies":[{"embeddable":true,"href":"https:\/\/compliancecorporativo.com.co\/index.php\/wp-json\/wp\/v2\/comments?post=21"}],"version-history":[{"count":0,"href":"https:\/\/compliancecorporativo.com.co\/index.php\/wp-json\/wp\/v2\/pages\/21\/revisions"}],"wp:attachment":[{"href":"https:\/\/compliancecorporativo.com.co\/index.php\/wp-json\/wp\/v2\/media?parent=21"}],"curies":[{"name":"wp","href":"https:\/\/api.w.org\/{rel}","templated":true}]}}