
{"id":22,"date":"2024-03-03T23:08:21","date_gmt":"2024-03-04T04:08:21","guid":{"rendered":"https:\/\/compliancecorporativo.com.co\/?page_id=22"},"modified":"2024-03-03T23:08:21","modified_gmt":"2024-03-04T04:08:21","slug":"valores","status":"publish","type":"page","link":"https:\/\/compliancecorporativo.com.co\/index.php\/valores\/","title":{"rendered":"Valores"},"content":{"rendered":"\n<p>Reflejamos los principios fundamentales que gu\u00edan las acciones y decisiones dentro de una organizaci\u00f3n en relaci\u00f3n con el cumplimiento de las leyes, regulaciones y est\u00e1ndares \u00e9ticos.<\/p>\n\n\n\n<p>Nuestros valores no solo gu\u00edan las acciones y decisiones dentro de la empresa, sino que tambi\u00e9n contribuyen a fortalecer la reputaci\u00f3n, la sostenibilidad y el \u00e9xito a largo plazo de la organizaci\u00f3n en su conjunto.<\/p>\n\n\n\n<p><strong>Integridad:<\/strong> Promover la honestidad, la rectitud y la transparencia en todas las acciones y relaciones comerciales.<\/p>\n\n\n\n<p><strong>Respeto:<\/strong> Tratar a todas las partes interesadas con respeto y dignidad, reconociendo su diversidad y valorando sus perspectivas y opiniones.<\/p>\n\n\n\n<p><strong>Responsabilidad:<\/strong> Asumir la responsabilidad por las acciones individuales y colectivas, as\u00ed como por los impactos de las decisiones empresariales en la sociedad, el medio ambiente y otras partes interesadas.<\/p>\n\n\n\n<p><strong>\u00c9tica:<\/strong> Actuar de acuerdo con los m\u00e1s altos est\u00e1ndares \u00e9ticos y morales, incluso cuando enfrenta presiones o tentaciones para actuar de manera contraria.<\/p>\n\n\n\n<p><strong>Cumplimiento Legal: <\/strong>Respetar y cumplir con todas las leyes y regulaciones aplicables en todas las jurisdicciones donde opera la empresa.<\/p>\n\n\n\n<p><strong>Transparencia:<\/strong> Promover la transparencia en todas las operaciones y procesos comerciales, garantizando la divulgaci\u00f3n adecuada de informaci\u00f3n relevante a todas las partes interesadas.<\/p>\n\n\n\n<p><strong>Confianza: <\/strong>Construir y mantener la confianza de todas las partes interesadas al actuar con integridad, transparencia y responsabilidad en todas las interacciones comerciales.<\/p>\n\n\n\n<p><strong>Prevenci\u00f3n de Riesgos:<\/strong> Identificar, evaluar y gestionar proactivamente los riesgos legales y \u00e9ticos asociados con las operaciones de la empresa.<\/p>\n\n\n\n<p><strong>Cultura de Cumplimiento:<\/strong> Fomentar una cultura organizacional en la que el cumplimiento de las leyes y regulaciones, as\u00ed como los est\u00e1ndares \u00e9ticos, sea valorado y promovido en todos los niveles de la organizaci\u00f3n.<\/p>\n","protected":false},"excerpt":{"rendered":"<p>Reflejamos los principios fundamentales que gu\u00edan las acciones y decisiones dentro de una organizaci\u00f3n en relaci\u00f3n con el cumplimiento de las leyes, regulaciones y est\u00e1ndares \u00e9ticos. Nuestros valores no solo gu\u00edan las acciones y decisiones dentro de la empresa, sino que tambi\u00e9n contribuyen a fortalecer la reputaci\u00f3n, la sostenibilidad y el \u00e9xito a largo plazo [&hellip;]<\/p>\n","protected":false},"author":1,"featured_media":0,"parent":0,"menu_order":0,"comment_status":"closed","ping_status":"closed","template":"","meta":{"_monsterinsights_skip_tracking":false,"_monsterinsights_sitenote_active":false,"_monsterinsights_sitenote_note":"","_monsterinsights_sitenote_category":0,"footnotes":""},"aioseo_notices":[],"_links":{"self":[{"href":"https:\/\/compliancecorporativo.com.co\/index.php\/wp-json\/wp\/v2\/pages\/22"}],"collection":[{"href":"https:\/\/compliancecorporativo.com.co\/index.php\/wp-json\/wp\/v2\/pages"}],"about":[{"href":"https:\/\/compliancecorporativo.com.co\/index.php\/wp-json\/wp\/v2\/types\/page"}],"author":[{"embeddable":true,"href":"https:\/\/compliancecorporativo.com.co\/index.php\/wp-json\/wp\/v2\/users\/1"}],"replies":[{"embeddable":true,"href":"https:\/\/compliancecorporativo.com.co\/index.php\/wp-json\/wp\/v2\/comments?post=22"}],"version-history":[{"count":0,"href":"https:\/\/compliancecorporativo.com.co\/index.php\/wp-json\/wp\/v2\/pages\/22\/revisions"}],"wp:attachment":[{"href":"https:\/\/compliancecorporativo.com.co\/index.php\/wp-json\/wp\/v2\/media?parent=22"}],"curies":[{"name":"wp","href":"https:\/\/api.w.org\/{rel}","templated":true}]}}