
{"id":25,"date":"2024-03-03T23:08:21","date_gmt":"2024-03-04T04:08:21","guid":{"rendered":"https:\/\/compliancecorporativo.com.co\/?page_id=25"},"modified":"2024-03-03T23:08:21","modified_gmt":"2024-03-04T04:08:21","slug":"codigo-de-conducta","status":"publish","type":"page","link":"https:\/\/compliancecorporativo.com.co\/index.php\/codigo-de-conducta\/","title":{"rendered":"C\u00f3digo de Conducta"},"content":{"rendered":"\n<p>El C\u00f3digo de Conducta y \u00c9tica corporativo en Colombia es un conjunto de principios, normas y valores que gu\u00edan el comportamiento y las decisiones de los empleados, directivos y otros miembros de una empresa en el pa\u00eds. Este c\u00f3digo establece las expectativas de la empresa en t\u00e9rminos de integridad, honestidad, transparencia y responsabilidad en todas las actividades comerciales y relaciones con las partes interesadas.<\/p>\n\n\n\n<p><strong>Integridad y Honestidad:<\/strong> La empresa espera que sus empleados act\u00faen con honestidad e integridad en todas sus interacciones comerciales y relaciones con colegas, clientes, proveedores y otras partes interesadas.<\/p>\n\n\n\n<p><strong>Respeto:<\/strong> Se espera que los empleados respeten la diversidad, las diferencias culturales y las opiniones de los dem\u00e1s, as\u00ed como que traten a todos con dignidad y cortes\u00eda.<\/p>\n\n\n\n<p><strong>Cumplimiento Legal y Normativo:<\/strong> Los empleados deben cumplir con todas las leyes, regulaciones y normativas aplicables en todas las actividades comerciales de la empresa, incluidas las relacionadas con la protecci\u00f3n del medio ambiente, la seguridad laboral, la competencia justa y la protecci\u00f3n de datos.<\/p>\n\n\n\n<p><strong>Confidencialidad y Protecci\u00f3n de la Informaci\u00f3n:<\/strong> Los empleados deben proteger la informaci\u00f3n confidencial de la empresa y de los clientes, y no deben divulgarla a personas no autorizadas o utilizarla para beneficio personal.<\/p>\n\n\n\n<p><strong>Prevenci\u00f3n de Conflictos de Intereses:<\/strong> Se espera que los empleados eviten situaciones en las que puedan surgir conflictos de intereses entre sus responsabilidades laborales y sus intereses personales, financieros o familiares.<\/p>\n\n\n\n<p><strong>\u00c9tica en las Relaciones Comerciales:<\/strong> Los empleados deben realizar transacciones comerciales de manera \u00e9tica y transparente, evitando cualquier forma de soborno, corrupci\u00f3n, fraude o cualquier otro comportamiento indebido.<\/p>\n\n\n\n<p><strong>Reporte de Violaciones:<\/strong> Se debe proporcionar un mecanismo para que los empleados reporten violaciones del C\u00f3digo de Conducta y \u00c9tica de manera confidencial y sin temor a represalias.<\/p>\n\n\n\n<p>El C\u00f3digo de Conducta y \u00c9tica corporativo en Colombia es una herramienta importante para promover una cultura organizacional basada en la integridad, la transparencia y el cumplimiento de las leyes y est\u00e1ndares \u00e9ticos en todas las operaciones de la empresa. Adem\u00e1s, puede ser requerido por la ley colombiana en ciertas industrias o sectores espec\u00edficos.<\/p>\n","protected":false},"excerpt":{"rendered":"<p>El C\u00f3digo de Conducta y \u00c9tica corporativo en Colombia es un conjunto de principios, normas y valores que gu\u00edan el comportamiento y las decisiones de los empleados, directivos y otros miembros de una empresa en el pa\u00eds. Este c\u00f3digo establece las expectativas de la empresa en t\u00e9rminos de integridad, honestidad, transparencia y responsabilidad en todas [&hellip;]<\/p>\n","protected":false},"author":1,"featured_media":0,"parent":0,"menu_order":0,"comment_status":"closed","ping_status":"closed","template":"","meta":{"_monsterinsights_skip_tracking":false,"_monsterinsights_sitenote_active":false,"_monsterinsights_sitenote_note":"","_monsterinsights_sitenote_category":0,"footnotes":""},"aioseo_notices":[],"_links":{"self":[{"href":"https:\/\/compliancecorporativo.com.co\/index.php\/wp-json\/wp\/v2\/pages\/25"}],"collection":[{"href":"https:\/\/compliancecorporativo.com.co\/index.php\/wp-json\/wp\/v2\/pages"}],"about":[{"href":"https:\/\/compliancecorporativo.com.co\/index.php\/wp-json\/wp\/v2\/types\/page"}],"author":[{"embeddable":true,"href":"https:\/\/compliancecorporativo.com.co\/index.php\/wp-json\/wp\/v2\/users\/1"}],"replies":[{"embeddable":true,"href":"https:\/\/compliancecorporativo.com.co\/index.php\/wp-json\/wp\/v2\/comments?post=25"}],"version-history":[{"count":0,"href":"https:\/\/compliancecorporativo.com.co\/index.php\/wp-json\/wp\/v2\/pages\/25\/revisions"}],"wp:attachment":[{"href":"https:\/\/compliancecorporativo.com.co\/index.php\/wp-json\/wp\/v2\/media?parent=25"}],"curies":[{"name":"wp","href":"https:\/\/api.w.org\/{rel}","templated":true}]}}