
{"id":26,"date":"2024-03-03T23:08:21","date_gmt":"2024-03-04T04:08:21","guid":{"rendered":"https:\/\/compliancecorporativo.com.co\/?page_id=26"},"modified":"2024-03-03T23:08:21","modified_gmt":"2024-03-04T04:08:21","slug":"tratamiento-de-datos-personales","status":"publish","type":"page","link":"https:\/\/compliancecorporativo.com.co\/index.php\/tratamiento-de-datos-personales\/","title":{"rendered":"Tratamiento de Datos Personales"},"content":{"rendered":"\n<p>El tratamiento de datos personales en Colombia se refiere a cualquier operaci\u00f3n o conjunto de operaciones que se realicen sobre datos personales, ya sea de forma automatizada o no, como la recolecci\u00f3n, almacenamiento, uso, circulaci\u00f3n o supresi\u00f3n de dicha informaci\u00f3n. El tratamiento de datos personales en Colombia est\u00e1 regulado principalmente por la Ley 1581 de 2012, conocida como la Ley de Protecci\u00f3n de Datos Personales.<\/p>\n\n\n\n<p><strong>Datos Personales:<\/strong> Son cualquier informaci\u00f3n que permita identificar a una persona f\u00edsica, como el nombre, la direcci\u00f3n, el n\u00famero de identificaci\u00f3n, la informaci\u00f3n de contacto, entre otros.<\/p>\n\n\n\n<p><strong>Responsable del Tratamiento:<\/strong> Es la persona natural o jur\u00eddica, de car\u00e1cter p\u00fablico o privado, que decide sobre la recolecci\u00f3n y el tratamiento de los datos personales.<\/p>\n\n\n\n<p><strong>Encargado del Tratamiento:<\/strong> Es la persona natural o jur\u00eddica, de car\u00e1cter p\u00fablico o privado, que realiza el tratamiento de datos personales en nombre del responsable.<\/p>\n\n\n\n<p><strong>Titular de los Datos:<\/strong> Es la persona cuyos datos personales son objeto de tratamiento.<\/p>\n\n\n\n<p><strong>Finalidad del Tratamiento:<\/strong> Es el prop\u00f3sito o la raz\u00f3n por la cual se lleva a cabo el tratamiento de datos personales. Debe ser leg\u00edtima, espec\u00edfica y expl\u00edcita.<\/p>\n\n\n\n<p><strong>Consentimiento del Titular:<\/strong> Es la autorizaci\u00f3n expresa, previa e informada que otorga el titular de los datos para el tratamiento de su informaci\u00f3n personal.<\/p>\n\n\n\n<p><strong>Transferencia Internacional de Datos:<\/strong> Es la comunicaci\u00f3n de datos personales a un destinatario ubicado fuera del territorio nacional colombiano.<\/p>\n\n\n\n<p>La Ley de Protecci\u00f3n de Datos Personales en Colombia establece una serie de principios y obligaciones que deben cumplir las entidades que realizan el tratamiento de datos personales, con el fin de garantizar la privacidad, seguridad y protecci\u00f3n de la informaci\u00f3n personal de los ciudadanos colombianos. Estas obligaciones incluyen, entre otras cosas, la implementaci\u00f3n de medidas de seguridad adecuadas, la obtenci\u00f3n del consentimiento del titular para el tratamiento de sus datos, la garant\u00eda de los derechos de los titulares, y la notificaci\u00f3n de cualquier incidente de seguridad que pueda afectar la privacidad de los datos personales.<\/p>\n","protected":false},"excerpt":{"rendered":"<p>El tratamiento de datos personales en Colombia se refiere a cualquier operaci\u00f3n o conjunto de operaciones que se realicen sobre datos personales, ya sea de forma automatizada o no, como la recolecci\u00f3n, almacenamiento, uso, circulaci\u00f3n o supresi\u00f3n de dicha informaci\u00f3n. El tratamiento de datos personales en Colombia est\u00e1 regulado principalmente por la Ley 1581 de [&hellip;]<\/p>\n","protected":false},"author":1,"featured_media":0,"parent":0,"menu_order":0,"comment_status":"closed","ping_status":"closed","template":"","meta":{"_monsterinsights_skip_tracking":false,"_monsterinsights_sitenote_active":false,"_monsterinsights_sitenote_note":"","_monsterinsights_sitenote_category":0,"footnotes":""},"aioseo_notices":[],"_links":{"self":[{"href":"https:\/\/compliancecorporativo.com.co\/index.php\/wp-json\/wp\/v2\/pages\/26"}],"collection":[{"href":"https:\/\/compliancecorporativo.com.co\/index.php\/wp-json\/wp\/v2\/pages"}],"about":[{"href":"https:\/\/compliancecorporativo.com.co\/index.php\/wp-json\/wp\/v2\/types\/page"}],"author":[{"embeddable":true,"href":"https:\/\/compliancecorporativo.com.co\/index.php\/wp-json\/wp\/v2\/users\/1"}],"replies":[{"embeddable":true,"href":"https:\/\/compliancecorporativo.com.co\/index.php\/wp-json\/wp\/v2\/comments?post=26"}],"version-history":[{"count":0,"href":"https:\/\/compliancecorporativo.com.co\/index.php\/wp-json\/wp\/v2\/pages\/26\/revisions"}],"wp:attachment":[{"href":"https:\/\/compliancecorporativo.com.co\/index.php\/wp-json\/wp\/v2\/media?parent=26"}],"curies":[{"name":"wp","href":"https:\/\/api.w.org\/{rel}","templated":true}]}}